{"id":24913,"date":"2022-08-02T17:59:18","date_gmt":"2022-08-02T16:59:18","guid":{"rendered":"http:\/\/111.93.67.82:7099\/dietmar-kaiser\/"},"modified":"2025-11-24T16:02:58","modified_gmt":"2025-11-24T15:02:58","slug":"dietmar-kaiser","status":"publish","type":"page","link":"https:\/\/www.pro-jetting.com\/nl\/dietmar-kaiser\/","title":{"rendered":"Dietmar Kaiser"},"content":{"rendered":"\t\t<div data-elementor-type=\"wp-page\" data-elementor-id=\"24913\" class=\"elementor elementor-24913\" data-elementor-post-type=\"page\">\n\t\t\t\t\t\t<section class=\"elementor-section elementor-top-section elementor-element elementor-element-b94f8ab elementor-section-height-min-height elementor-section-items-bottom elementor-section-boxed elementor-section-height-default\" data-id=\"b94f8ab\" data-element_type=\"section\" data-e-type=\"section\" data-settings=\"{&quot;background_background&quot;:&quot;classic&quot;}\">\n\t\t\t\t\t\t\t<div class=\"elementor-background-overlay\"><\/div>\n\t\t\t\t\t\t\t<div class=\"elementor-container elementor-column-gap-default\">\n\t\t\t\t\t<div class=\"elementor-column elementor-col-66 elementor-top-column elementor-element elementor-element-bd39596\" data-id=\"bd39596\" data-element_type=\"column\" data-e-type=\"column\">\n\t\t\t<div class=\"elementor-widget-wrap elementor-element-populated\">\n\t\t\t\t\t\t<div class=\"elementor-element elementor-element-87c6730 elementor-widget elementor-widget-text-editor\" data-id=\"87c6730\" data-element_type=\"widget\" data-e-type=\"widget\" data-widget_type=\"text-editor.default\">\n\t\t\t\t<div class=\"elementor-widget-container\">\n\t\t\t\t\t\t\t\t\t<p>Dietmar Kaiser<\/p>\t\t\t\t\t\t\t\t<\/div>\n\t\t\t\t<\/div>\n\t\t\t\t\t<\/div>\n\t\t<\/div>\n\t\t\t\t<div class=\"elementor-column elementor-col-33 elementor-top-column elementor-element elementor-element-43e1bcf\" data-id=\"43e1bcf\" data-element_type=\"column\" data-e-type=\"column\">\n\t\t\t<div class=\"elementor-widget-wrap\">\n\t\t\t\t\t\t\t<\/div>\n\t\t<\/div>\n\t\t\t\t\t<\/div>\n\t\t<\/section>\n\t\t\t\t<section class=\"elementor-section elementor-top-section elementor-element elementor-element-86e22a6 elementor-section-boxed elementor-section-height-default elementor-section-height-default\" data-id=\"86e22a6\" data-element_type=\"section\" data-e-type=\"section\">\n\t\t\t\t\t\t<div class=\"elementor-container elementor-column-gap-default\">\n\t\t\t\t\t<div class=\"elementor-column elementor-col-100 elementor-top-column elementor-element elementor-element-030aa13\" data-id=\"030aa13\" data-element_type=\"column\" data-e-type=\"column\">\n\t\t\t<div class=\"elementor-widget-wrap elementor-element-populated\">\n\t\t\t\t\t\t<section class=\"elementor-section elementor-inner-section elementor-element elementor-element-85c96c0 elementor-section-boxed elementor-section-height-default elementor-section-height-default\" data-id=\"85c96c0\" data-element_type=\"section\" data-e-type=\"section\">\n\t\t\t\t\t\t<div class=\"elementor-container elementor-column-gap-no\">\n\t\t\t\t\t<div class=\"elementor-column elementor-col-50 elementor-inner-column elementor-element elementor-element-ce815c9\" data-id=\"ce815c9\" data-element_type=\"column\" data-e-type=\"column\">\n\t\t\t<div class=\"elementor-widget-wrap elementor-element-populated\">\n\t\t\t\t\t\t<div class=\"elementor-element elementor-element-4e9cc80 elementor-widget elementor-widget-induxo-title\" data-id=\"4e9cc80\" data-element_type=\"widget\" data-e-type=\"widget\" data-widget_type=\"induxo-title.default\">\n\t\t\t\t<div class=\"elementor-widget-container\">\n\t\t\t\t\t\t\t<div class=\"section-heading-content\">\n\t\t\t\t\t\t<h2 class=\"section-title title-left\">\n\t\t\t\tWorld class cleaning trucks\t\t\t<\/h2>\n\t\t<\/div><!-- Section title -->\n\n\n\n\t\t\t\t<\/div>\n\t\t\t\t<\/div>\n\t\t\t\t<div class=\"elementor-element elementor-element-3450bc5 elementor-widget elementor-widget-text-editor\" data-id=\"3450bc5\" data-element_type=\"widget\" data-e-type=\"widget\" data-widget_type=\"text-editor.default\">\n\t\t\t\t<div class=\"elementor-widget-container\">\n\t\t\t\t\t\t\t\t\t<p>Gedreven door innovatie en technische perfectie produceert Dietmar Kaiser de beste spuit-, vacu\u00fcm-, combinatie- en recyclertrucks en hun componenten, zoals versterker- en vacu\u00fcmpompen, voor professionele riool- en industri\u00eble reiniging.<\/p><p>PRO-JETTING is een trotse partner van Dietmar Kaiser en brengt lokale verkoop en service naar de Benelux-markt.<\/p>\t\t\t\t\t\t\t\t<\/div>\n\t\t\t\t<\/div>\n\t\t\t\t\t<\/div>\n\t\t<\/div>\n\t\t\t\t<div class=\"elementor-column elementor-col-50 elementor-inner-column elementor-element elementor-element-e83bc4c\" data-id=\"e83bc4c\" data-element_type=\"column\" data-e-type=\"column\">\n\t\t\t<div class=\"elementor-widget-wrap elementor-element-populated\">\n\t\t\t\t\t\t<div class=\"elementor-element elementor-element-06abff7 elementor-widget elementor-widget-image\" data-id=\"06abff7\" data-element_type=\"widget\" data-e-type=\"widget\" data-widget_type=\"image.default\">\n\t\t\t\t<div class=\"elementor-widget-container\">\n\t\t\t\t\t\t\t\t\t\t\t\t\t\t\t<img fetchpriority=\"high\" decoding=\"async\" width=\"528\" height=\"352\" src=\"https:\/\/www.pro-jetting.com\/wp-content\/uploads\/Recycle-combi.png\" class=\"attachment-large size-large wp-image-24703\" alt=\"\" srcset=\"https:\/\/www.pro-jetting.com\/wp-content\/uploads\/Recycle-combi.png 528w, https:\/\/www.pro-jetting.com\/wp-content\/uploads\/Recycle-combi-300x200.png 300w\" sizes=\"(max-width: 528px) 100vw, 528px\" \/>\t\t\t\t\t\t\t\t\t\t\t\t\t\t\t<\/div>\n\t\t\t\t<\/div>\n\t\t\t\t\t<\/div>\n\t\t<\/div>\n\t\t\t\t\t<\/div>\n\t\t<\/section>\n\t\t\t\t\t<\/div>\n\t\t<\/div>\n\t\t\t\t\t<\/div>\n\t\t<\/section>\n\t\t\t\t<\/div>\n\t\t","protected":false},"excerpt":{"rendered":"<p>Dietmar Kaiser World class cleaning trucks Gedreven door innovatie en technische perfectie produceert Dietmar Kaiser de beste spuit-, vacu\u00fcm-, combinatie- en recyclertrucks en hun componenten, zoals versterker- en vacu\u00fcmpompen, voor professionele riool- en industri\u00eble reiniging. PRO-JETTING is een trotse partner van Dietmar Kaiser en brengt lokale verkoop en service naar de Benelux-markt.<\/p>\n","protected":false},"author":11,"featured_media":0,"parent":0,"menu_order":0,"comment_status":"closed","ping_status":"closed","template":"elementor_header_footer","meta":{"footnotes":""},"class_list":["post-24913","page","type-page","status-publish","hentry"],"yoast_head":"<!-- This site is optimized with the Yoast SEO plugin v27.4 - https:\/\/yoast.com\/product\/yoast-seo-wordpress\/ -->\n<title>Dietmar Kaiser - PRO-JETTING<\/title>\n<meta name=\"description\" content=\"PRO-JETTING werkt samen met Dietmar Kaiser om topklasse jetting-, zuig- en recyclertrucks aan te bieden voor riool- en industri\u00eble reiniging in de Benelux.\" \/>\n<meta name=\"robots\" content=\"index, follow, max-snippet:-1, max-image-preview:large, max-video-preview:-1\" \/>\n<link rel=\"canonical\" href=\"https:\/\/www.pro-jetting.com\/nl\/dietmar-kaiser\/\" \/>\n<meta property=\"og:locale\" content=\"nl_NL\" \/>\n<meta property=\"og:type\" content=\"article\" \/>\n<meta property=\"og:title\" content=\"Dietmar Kaiser - PRO-JETTING\" \/>\n<meta property=\"og:description\" content=\"PRO-JETTING werkt samen met Dietmar Kaiser om topklasse jetting-, zuig- en recyclertrucks aan te bieden voor riool- en industri\u00eble reiniging in de Benelux.\" \/>\n<meta property=\"og:url\" content=\"https:\/\/www.pro-jetting.com\/nl\/dietmar-kaiser\/\" \/>\n<meta property=\"og:site_name\" content=\"PRO-JETTING\" \/>\n<meta property=\"article:modified_time\" content=\"2025-11-24T15:02:58+00:00\" \/>\n<meta property=\"og:image\" content=\"http:\/\/www.pro-jetting.com\/wp-content\/uploads\/Recycle-combi.png\" \/>\n<meta name=\"twitter:card\" content=\"summary_large_image\" \/>\n<meta name=\"twitter:label1\" content=\"Geschatte leestijd\" \/>\n\t<meta name=\"twitter:data1\" content=\"1 minuut\" \/>\n<script type=\"application\/ld+json\" class=\"yoast-schema-graph\">{\"@context\":\"https:\\\/\\\/schema.org\",\"@graph\":[{\"@type\":\"WebPage\",\"@id\":\"https:\\\/\\\/www.pro-jetting.com\\\/nl\\\/dietmar-kaiser\\\/\",\"url\":\"https:\\\/\\\/www.pro-jetting.com\\\/nl\\\/dietmar-kaiser\\\/\",\"name\":\"Dietmar Kaiser - PRO-JETTING\",\"isPartOf\":{\"@id\":\"https:\\\/\\\/www.pro-jetting.com\\\/nl\\\/#website\"},\"primaryImageOfPage\":{\"@id\":\"https:\\\/\\\/www.pro-jetting.com\\\/nl\\\/dietmar-kaiser\\\/#primaryimage\"},\"image\":{\"@id\":\"https:\\\/\\\/www.pro-jetting.com\\\/nl\\\/dietmar-kaiser\\\/#primaryimage\"},\"thumbnailUrl\":\"http:\\\/\\\/www.pro-jetting.com\\\/wp-content\\\/uploads\\\/Recycle-combi.png\",\"datePublished\":\"2022-08-02T16:59:18+00:00\",\"dateModified\":\"2025-11-24T15:02:58+00:00\",\"description\":\"PRO-JETTING werkt samen met Dietmar Kaiser om topklasse jetting-, zuig- en recyclertrucks aan te bieden voor riool- en industri\u00eble reiniging in de Benelux.\",\"inLanguage\":\"nl-NL\",\"potentialAction\":[{\"@type\":\"ReadAction\",\"target\":[\"https:\\\/\\\/www.pro-jetting.com\\\/nl\\\/dietmar-kaiser\\\/\"]}]},{\"@type\":\"ImageObject\",\"inLanguage\":\"nl-NL\",\"@id\":\"https:\\\/\\\/www.pro-jetting.com\\\/nl\\\/dietmar-kaiser\\\/#primaryimage\",\"url\":\"http:\\\/\\\/www.pro-jetting.com\\\/wp-content\\\/uploads\\\/Recycle-combi.png\",\"contentUrl\":\"http:\\\/\\\/www.pro-jetting.com\\\/wp-content\\\/uploads\\\/Recycle-combi.png\"},{\"@type\":\"WebSite\",\"@id\":\"https:\\\/\\\/www.pro-jetting.com\\\/nl\\\/#website\",\"url\":\"https:\\\/\\\/www.pro-jetting.com\\\/nl\\\/\",\"name\":\"PRO-JETTING\",\"description\":\"Proffesional water jetting equipment\",\"publisher\":{\"@id\":\"https:\\\/\\\/www.pro-jetting.com\\\/nl\\\/#organization\"},\"potentialAction\":[{\"@type\":\"SearchAction\",\"target\":{\"@type\":\"EntryPoint\",\"urlTemplate\":\"https:\\\/\\\/www.pro-jetting.com\\\/nl\\\/?s={search_term_string}\"},\"query-input\":{\"@type\":\"PropertyValueSpecification\",\"valueRequired\":true,\"valueName\":\"search_term_string\"}}],\"inLanguage\":\"nl-NL\"},{\"@type\":\"Organization\",\"@id\":\"https:\\\/\\\/www.pro-jetting.com\\\/nl\\\/#organization\",\"name\":\"PRO-JETTING\",\"url\":\"https:\\\/\\\/www.pro-jetting.com\\\/nl\\\/\",\"logo\":{\"@type\":\"ImageObject\",\"inLanguage\":\"nl-NL\",\"@id\":\"https:\\\/\\\/www.pro-jetting.com\\\/nl\\\/#\\\/schema\\\/logo\\\/image\\\/\",\"url\":\"https:\\\/\\\/www.pro-jetting.com\\\/wp-content\\\/uploads\\\/2021\\\/10\\\/Pro-Jetting-Zwart-Rood-Pantone-2347c-transparant-RGB.png\",\"contentUrl\":\"https:\\\/\\\/www.pro-jetting.com\\\/wp-content\\\/uploads\\\/2021\\\/10\\\/Pro-Jetting-Zwart-Rood-Pantone-2347c-transparant-RGB.png\",\"width\":2035,\"height\":540,\"caption\":\"PRO-JETTING\"},\"image\":{\"@id\":\"https:\\\/\\\/www.pro-jetting.com\\\/nl\\\/#\\\/schema\\\/logo\\\/image\\\/\"}}]}<\/script>\n<!-- \/ Yoast SEO plugin. -->","yoast_head_json":{"title":"Dietmar Kaiser - PRO-JETTING","description":"PRO-JETTING werkt samen met Dietmar Kaiser om topklasse jetting-, zuig- en recyclertrucks aan te bieden voor riool- en industri\u00eble reiniging in de Benelux.","robots":{"index":"index","follow":"follow","max-snippet":"max-snippet:-1","max-image-preview":"max-image-preview:large","max-video-preview":"max-video-preview:-1"},"canonical":"https:\/\/www.pro-jetting.com\/nl\/dietmar-kaiser\/","og_locale":"nl_NL","og_type":"article","og_title":"Dietmar Kaiser - PRO-JETTING","og_description":"PRO-JETTING werkt samen met Dietmar Kaiser om topklasse jetting-, zuig- en recyclertrucks aan te bieden voor riool- en industri\u00eble reiniging in de Benelux.","og_url":"https:\/\/www.pro-jetting.com\/nl\/dietmar-kaiser\/","og_site_name":"PRO-JETTING","article_modified_time":"2025-11-24T15:02:58+00:00","og_image":[{"url":"http:\/\/www.pro-jetting.com\/wp-content\/uploads\/Recycle-combi.png","type":"","width":"","height":""}],"twitter_card":"summary_large_image","twitter_misc":{"Geschatte leestijd":"1 minuut"},"schema":{"@context":"https:\/\/schema.org","@graph":[{"@type":"WebPage","@id":"https:\/\/www.pro-jetting.com\/nl\/dietmar-kaiser\/","url":"https:\/\/www.pro-jetting.com\/nl\/dietmar-kaiser\/","name":"Dietmar Kaiser - PRO-JETTING","isPartOf":{"@id":"https:\/\/www.pro-jetting.com\/nl\/#website"},"primaryImageOfPage":{"@id":"https:\/\/www.pro-jetting.com\/nl\/dietmar-kaiser\/#primaryimage"},"image":{"@id":"https:\/\/www.pro-jetting.com\/nl\/dietmar-kaiser\/#primaryimage"},"thumbnailUrl":"http:\/\/www.pro-jetting.com\/wp-content\/uploads\/Recycle-combi.png","datePublished":"2022-08-02T16:59:18+00:00","dateModified":"2025-11-24T15:02:58+00:00","description":"PRO-JETTING werkt samen met Dietmar Kaiser om topklasse jetting-, zuig- en recyclertrucks aan te bieden voor riool- en industri\u00eble reiniging in de Benelux.","inLanguage":"nl-NL","potentialAction":[{"@type":"ReadAction","target":["https:\/\/www.pro-jetting.com\/nl\/dietmar-kaiser\/"]}]},{"@type":"ImageObject","inLanguage":"nl-NL","@id":"https:\/\/www.pro-jetting.com\/nl\/dietmar-kaiser\/#primaryimage","url":"http:\/\/www.pro-jetting.com\/wp-content\/uploads\/Recycle-combi.png","contentUrl":"http:\/\/www.pro-jetting.com\/wp-content\/uploads\/Recycle-combi.png"},{"@type":"WebSite","@id":"https:\/\/www.pro-jetting.com\/nl\/#website","url":"https:\/\/www.pro-jetting.com\/nl\/","name":"PRO-JETTING","description":"Proffesional water jetting equipment","publisher":{"@id":"https:\/\/www.pro-jetting.com\/nl\/#organization"},"potentialAction":[{"@type":"SearchAction","target":{"@type":"EntryPoint","urlTemplate":"https:\/\/www.pro-jetting.com\/nl\/?s={search_term_string}"},"query-input":{"@type":"PropertyValueSpecification","valueRequired":true,"valueName":"search_term_string"}}],"inLanguage":"nl-NL"},{"@type":"Organization","@id":"https:\/\/www.pro-jetting.com\/nl\/#organization","name":"PRO-JETTING","url":"https:\/\/www.pro-jetting.com\/nl\/","logo":{"@type":"ImageObject","inLanguage":"nl-NL","@id":"https:\/\/www.pro-jetting.com\/nl\/#\/schema\/logo\/image\/","url":"https:\/\/www.pro-jetting.com\/wp-content\/uploads\/2021\/10\/Pro-Jetting-Zwart-Rood-Pantone-2347c-transparant-RGB.png","contentUrl":"https:\/\/www.pro-jetting.com\/wp-content\/uploads\/2021\/10\/Pro-Jetting-Zwart-Rood-Pantone-2347c-transparant-RGB.png","width":2035,"height":540,"caption":"PRO-JETTING"},"image":{"@id":"https:\/\/www.pro-jetting.com\/nl\/#\/schema\/logo\/image\/"}}]}},"_links":{"self":[{"href":"https:\/\/www.pro-jetting.com\/nl\/wp-json\/wp\/v2\/pages\/24913","targetHints":{"allow":["GET"]}}],"collection":[{"href":"https:\/\/www.pro-jetting.com\/nl\/wp-json\/wp\/v2\/pages"}],"about":[{"href":"https:\/\/www.pro-jetting.com\/nl\/wp-json\/wp\/v2\/types\/page"}],"author":[{"embeddable":true,"href":"https:\/\/www.pro-jetting.com\/nl\/wp-json\/wp\/v2\/users\/11"}],"replies":[{"embeddable":true,"href":"https:\/\/www.pro-jetting.com\/nl\/wp-json\/wp\/v2\/comments?post=24913"}],"version-history":[{"count":6,"href":"https:\/\/www.pro-jetting.com\/nl\/wp-json\/wp\/v2\/pages\/24913\/revisions"}],"predecessor-version":[{"id":25797,"href":"https:\/\/www.pro-jetting.com\/nl\/wp-json\/wp\/v2\/pages\/24913\/revisions\/25797"}],"wp:attachment":[{"href":"https:\/\/www.pro-jetting.com\/nl\/wp-json\/wp\/v2\/media?parent=24913"}],"curies":[{"name":"wp","href":"https:\/\/api.w.org\/{rel}","templated":true}]}}